{"id":14,"date":"2021-05-10T22:12:39","date_gmt":"2021-05-10T20:12:39","guid":{"rendered":"https:\/\/www.thermohauser.de\/ratgeber\/?page_id=14"},"modified":"2022-05-10T21:53:01","modified_gmt":"2022-05-10T19:53:01","slug":"startseite","status":"publish","type":"page","link":"https:\/\/www.thermohauser.de\/blog\/","title":{"rendered":"Startseite"},"content":{"rendered":"\n<div class=\"wp-block-cover alignfull has-custom-content-position is-position-bottom-right featured\" style=\"min-height:575px;aspect-ratio:unset;\"><img loading=\"lazy\" decoding=\"async\" width=\"1261\" height=\"841\" class=\"wp-block-cover__image-background wp-image-94\" alt=\"\" src=\"https:\/\/www.thermohauser.de\/ratgeber\/wp-content\/uploads\/2021\/06\/studie-ernaehrung-homeoffice.jpg\" data-object-fit=\"cover\" srcset=\"https:\/\/www.thermohauser.de\/blog\/wp-content\/uploads\/2021\/06\/studie-ernaehrung-homeoffice.jpg 1261w, https:\/\/www.thermohauser.de\/blog\/wp-content\/uploads\/2021\/06\/studie-ernaehrung-homeoffice-300x200.jpg 300w, https:\/\/www.thermohauser.de\/blog\/wp-content\/uploads\/2021\/06\/studie-ernaehrung-homeoffice-1024x683.jpg 1024w, https:\/\/www.thermohauser.de\/blog\/wp-content\/uploads\/2021\/06\/studie-ernaehrung-homeoffice-768x512.jpg 768w\" sizes=\"auto, (max-width: 1261px) 100vw, 1261px\" \/><div class=\"wp-block-cover__inner-container is-layout-flow wp-block-cover-is-layout-flow\">\n<div class=\"wp-block-columns alignwide is-layout-flex wp-container-core-columns-is-layout-9d6595d7 wp-block-columns-is-layout-flex\">\n<div class=\"wp-block-column is-layout-flow wp-block-column-is-layout-flow\" style=\"flex-basis:50%\">\n<div style=\"height:100px\" aria-hidden=\"true\" class=\"wp-block-spacer\"><\/div>\n<\/div>\n\n\n\n<div class=\"wp-block-column is-layout-flow wp-block-column-is-layout-flow\" style=\"flex-basis:40%\">\n<div style=\"height:100px\" aria-hidden=\"true\" class=\"wp-block-spacer\"><\/div>\n\n\n\n<p class=\"has-white-background-color has-text-color has-background has-large-font-size\" style=\"color:#001a3f\"><strong>thermohauser-Studie: So denken Deutsche \u00fcber die Ern\u00e4hrung im Home-Office<\/strong><\/p>\n\n\n\n<p class=\"has-white-background-color has-background\">Wir essen anders, wenn wir im Home-Office arbeiten. Inwiefern das gut oder schlecht ist, zeigen die Ergebnisse unsere Studie zur Ern\u00e4hrung im Home-Office. Deutschland arbeitet seit fast einem Jahr aus dem Home-Office \u2013 noch immer gibt es Dinge, die sich besser einspielen m\u00fcssen. Das gilt besonders auch f\u00fcr die Ern\u00e4hrung. Aus diesem Grund haben wir mehr als tausend Arbeitnehmerinnen und Arbeitnehmer zu ihrer derzeitigen Ern\u00e4hrung am Arbeitsplatz befragt. So lauten die Ergebnisse.<\/p>\n\n\n\n<p class=\"has-text-align-center has-white-background-color has-background\"><a href=\"https:\/\/www.thermohauser.de\/blog\/aktuelle-studie-zur-ernaehrung-im-home-office\/\">Weiterlesen<\/a><\/p>\n\n\n\n<div style=\"height:100px\" aria-hidden=\"true\" class=\"wp-block-spacer\"><\/div>\n<\/div>\n<\/div>\n<\/div><\/div>\n\n\n<ul class=\"wp-block-latest-posts__list is-grid columns-3 alignwide wp-block-latest-posts\"><li><div class=\"wp-block-latest-posts__featured-image\"><a href=\"https:\/\/www.thermohauser.de\/blog\/konditormesser-von-thermohauser\/\" aria-label=\"Messerscharf kombiniert: B\u00e4cker- und Konditormesser von thermohauser\"><img loading=\"lazy\" decoding=\"async\" width=\"400\" height=\"200\" src=\"https:\/\/www.thermohauser.de\/blog\/wp-content\/uploads\/2022\/01\/Messer_Artikelbild_3-400x200.jpg\" class=\"attachment-verlinkte_beitraege_2 size-verlinkte_beitraege_2 wp-post-image\" alt=\"B\u00e4ckermesser thermohauser\" style=\"width:100%;height:63.9%;max-width:2000px;\" \/><\/a><\/div><a class=\"wp-block-latest-posts__post-title\" href=\"https:\/\/www.thermohauser.de\/blog\/konditormesser-von-thermohauser\/\">Messerscharf kombiniert: B\u00e4cker- und Konditormesser von thermohauser<\/a><div class=\"wp-block-latest-posts__post-excerpt\">Welche Arten von Klingen gibt es? Die Art der Klinge kann einen gro\u00dfen Unterschied machen. Je nach Beschaffenheit des Geb\u00e4cks sollte eine andere Klinge gew\u00e4hlt&hellip; <a class=\"more-link\" href=\"https:\/\/www.thermohauser.de\/blog\/konditormesser-von-thermohauser\/\"><span class=\"screen-reader-text\">Messerscharf kombiniert: B\u00e4cker- und Konditormesser von thermohauser<\/span> weiterlesen<\/a><\/div><\/li>\n<li><div class=\"wp-block-latest-posts__featured-image\"><a href=\"https:\/\/www.thermohauser.de\/blog\/gastronorm-gn-der-standard-der-gastronomie\/\" aria-label=\"Gastronorm (GN) &#8211; Der Standard der Gastronomie\"><img loading=\"lazy\" decoding=\"async\" width=\"400\" height=\"200\" src=\"https:\/\/www.thermohauser.de\/blog\/wp-content\/uploads\/2021\/12\/8300055xxx_8300010xxx_Gruppenbild-GN-Behaelter-inkl.-Deckel_alle_2021_klein-400x200.jpg\" class=\"attachment-verlinkte_beitraege_2 size-verlinkte_beitraege_2 wp-post-image\" alt=\"Gastronorm Beh\u00e4lter\" style=\"width:100%;height:66.67%;max-width:1500px;\" \/><\/a><\/div><a class=\"wp-block-latest-posts__post-title\" href=\"https:\/\/www.thermohauser.de\/blog\/gastronorm-gn-der-standard-der-gastronomie\/\">Gastronorm (GN) &#8211; Der Standard der Gastronomie<\/a><div class=\"wp-block-latest-posts__post-excerpt\">Heute wird Gastronorm in den K\u00fcchen rund um den Globus genutzt. Der Ursprung liegt jedoch in der Schweiz. Hier einigten sich in den 1960er Jahren&hellip; <a class=\"more-link\" href=\"https:\/\/www.thermohauser.de\/blog\/gastronorm-gn-der-standard-der-gastronomie\/\"><span class=\"screen-reader-text\">Gastronorm (GN) &#8211; Der Standard der Gastronomie<\/span> weiterlesen<\/a><\/div><\/li>\n<li><div class=\"wp-block-latest-posts__featured-image\"><a href=\"https:\/\/www.thermohauser.de\/blog\/thermohauser-studie-lieferservices\/\" aria-label=\"thermohauser-Studie: Home-Office bietet neue Potentiale f\u00fcr Lieferservices\"><img loading=\"lazy\" decoding=\"async\" width=\"400\" height=\"200\" src=\"https:\/\/www.thermohauser.de\/blog\/wp-content\/uploads\/2021\/11\/thermohauser_studie-400x200.jpg\" class=\"attachment-verlinkte_beitraege_2 size-verlinkte_beitraege_2 wp-post-image\" alt=\"Ern\u00e4hrung im Home-Office\" style=\"width:100%;height:66.2%;max-width:1920px;\" \/><\/a><\/div><a class=\"wp-block-latest-posts__post-title\" href=\"https:\/\/www.thermohauser.de\/blog\/thermohauser-studie-lieferservices\/\">thermohauser-Studie: Home-Office bietet neue Potentiale f\u00fcr Lieferservices<\/a><div class=\"wp-block-latest-posts__post-excerpt\">Im ersten Teil der thermohauser-Studie haben wir uns mit der allgemeinen Ern\u00e4hrungssituation im Home-Office befasst. In Teil zwei zeigen wir nun, welche Potentiale dies f\u00fcr&hellip; <a class=\"more-link\" href=\"https:\/\/www.thermohauser.de\/blog\/thermohauser-studie-lieferservices\/\"><span class=\"screen-reader-text\">thermohauser-Studie: Home-Office bietet neue Potentiale f\u00fcr Lieferservices<\/span> weiterlesen<\/a><\/div><\/li>\n<li><div class=\"wp-block-latest-posts__featured-image\"><a href=\"https:\/\/www.thermohauser.de\/blog\/materialkunde-epp-expandierendes-polypropylen-was-ist-das-eigentlich\/\" aria-label=\"Materialkunde Expandiertes Polypropylen (EPP) \u2013 Was ist das eigentlich?\"><img loading=\"lazy\" decoding=\"async\" width=\"400\" height=\"200\" src=\"https:\/\/www.thermohauser.de\/blog\/wp-content\/uploads\/2021\/10\/EPP_th_logo-400x200.jpg\" class=\"attachment-verlinkte_beitraege_2 size-verlinkte_beitraege_2 wp-post-image\" alt=\"Expandierendes Poylpropylen thermohauser\" style=\"width:100%;height:52.58%;max-width:2560px;\" \/><\/a><\/div><a class=\"wp-block-latest-posts__post-title\" href=\"https:\/\/www.thermohauser.de\/blog\/materialkunde-epp-expandierendes-polypropylen-was-ist-das-eigentlich\/\">Materialkunde Expandiertes Polypropylen (EPP) \u2013 Was ist das eigentlich?<\/a><div class=\"wp-block-latest-posts__post-excerpt\">Im Alltag begegnen uns st\u00e4ndig und \u00fcberall Kunststoffe. Lesen Sie diesen Artikel gerade am PC-Bildschirm, auf dem Tablet oder am Handy? Auch diese bestehen aus&hellip; <a class=\"more-link\" href=\"https:\/\/www.thermohauser.de\/blog\/materialkunde-epp-expandierendes-polypropylen-was-ist-das-eigentlich\/\"><span class=\"screen-reader-text\">Materialkunde Expandiertes Polypropylen (EPP) \u2013 Was ist das eigentlich?<\/span> weiterlesen<\/a><\/div><\/li>\n<li><div class=\"wp-block-latest-posts__featured-image\"><a href=\"https:\/\/www.thermohauser.de\/blog\/mehrwegpflicht-ab-2023-das-muessen-sie-jetzt-wissen\/\" aria-label=\"Mehrwegpflicht ab 2023 \u2013 Das m\u00fcssen Sie jetzt wissen\"><img loading=\"lazy\" decoding=\"async\" width=\"400\" height=\"200\" src=\"https:\/\/www.thermohauser.de\/blog\/wp-content\/uploads\/2021\/09\/20210831_Einzelrendering_Goodbowl-Tiny-2-400x200.jpg\" class=\"attachment-verlinkte_beitraege_2 size-verlinkte_beitraege_2 wp-post-image\" alt=\"\" style=\"width:100%;height:66.67%;max-width:2064px;\" \/><\/a><\/div><a class=\"wp-block-latest-posts__post-title\" href=\"https:\/\/www.thermohauser.de\/blog\/mehrwegpflicht-ab-2023-das-muessen-sie-jetzt-wissen\/\">Mehrwegpflicht ab 2023 \u2013 Das m\u00fcssen Sie jetzt wissen<\/a><div class=\"wp-block-latest-posts__post-excerpt\">Warum wurde das Gesetz erlassen? Am 06.05.2021 hat der Bundestag den Gesetzesentwurf der Bundesregierung \u201ezur Umsetzung von Vorgaben der Einwegkunststoffrichtlinie und der Abfallrichtlinie im Verpackungsgesetz&hellip; <a class=\"more-link\" href=\"https:\/\/www.thermohauser.de\/blog\/mehrwegpflicht-ab-2023-das-muessen-sie-jetzt-wissen\/\"><span class=\"screen-reader-text\">Mehrwegpflicht ab 2023 \u2013 Das m\u00fcssen Sie jetzt wissen<\/span> weiterlesen<\/a><\/div><\/li>\n<li><div class=\"wp-block-latest-posts__featured-image\"><a href=\"https:\/\/www.thermohauser.de\/blog\/thermo-tower-von-cool-and-hld-bis-cook-and-chill\/\" aria-label=\"Thermo Tower: Von Cook and Hold bis Cook and Chill\"><img loading=\"lazy\" decoding=\"async\" width=\"400\" height=\"200\" src=\"https:\/\/www.thermohauser.de\/blog\/wp-content\/uploads\/2021\/08\/83000539xx_Thermo-Tower_Gruppe-400x200.jpg\" class=\"attachment-verlinkte_beitraege_2 size-verlinkte_beitraege_2 wp-post-image\" alt=\"\" style=\"width:100%;height:54.3%;max-width:2000px;\" \/><\/a><\/div><a class=\"wp-block-latest-posts__post-title\" href=\"https:\/\/www.thermohauser.de\/blog\/thermo-tower-von-cool-and-hld-bis-cook-and-chill\/\">Thermo Tower: Von Cook and Hold bis Cook and Chill<\/a><div class=\"wp-block-latest-posts__post-excerpt\">Professionelle Transportwagen helfen dabei, den Prozessablauf optimal zu gestalten und je nach Speise die ideale Temperatur zu gew\u00e4hrleisten und geltenden Hygiene und HACCP Anforderungen zu&hellip; <a class=\"more-link\" href=\"https:\/\/www.thermohauser.de\/blog\/thermo-tower-von-cool-and-hld-bis-cook-and-chill\/\"><span class=\"screen-reader-text\">Thermo Tower: Von Cook and Hold bis Cook and Chill<\/span> weiterlesen<\/a><\/div><\/li>\n<li><div class=\"wp-block-latest-posts__featured-image\"><a href=\"https:\/\/www.thermohauser.de\/blog\/um-den-globus-das-sind-die-lieblings-office-lunches\/\" aria-label=\"Um den Globus: Das sind die Lieblings-Office-Lunches\"><img loading=\"lazy\" decoding=\"async\" width=\"400\" height=\"200\" src=\"https:\/\/www.thermohauser.de\/blog\/wp-content\/uploads\/2021\/08\/202106_Blogartikel-05_iStock-1132762174_klein-400x200.jpg\" class=\"attachment-verlinkte_beitraege_2 size-verlinkte_beitraege_2 wp-post-image\" alt=\"Eine Gruppe Arbeitskollegen beim Mittagsessen.\" style=\"width:100%;height:66.64%;max-width:1241px;\" \/><\/a><\/div><a class=\"wp-block-latest-posts__post-title\" href=\"https:\/\/www.thermohauser.de\/blog\/um-den-globus-das-sind-die-lieblings-office-lunches\/\">Um den Globus: Das sind die Lieblings-Office-Lunches<\/a><div class=\"wp-block-latest-posts__post-excerpt\">Fr\u00fcher waren die kulinarischen Vorlieben vor allem vom Nahrungsangebot der Umgebung gepr\u00e4gt. Das Angebot der Natur ist der Ausgangspunkt f\u00fcr die verschiedenen L\u00e4nderk\u00fcchen und ihre&hellip; <a class=\"more-link\" href=\"https:\/\/www.thermohauser.de\/blog\/um-den-globus-das-sind-die-lieblings-office-lunches\/\"><span class=\"screen-reader-text\">Um den Globus: Das sind die Lieblings-Office-Lunches<\/span> weiterlesen<\/a><\/div><\/li>\n<li><div class=\"wp-block-latest-posts__featured-image\"><a href=\"https:\/\/www.thermohauser.de\/blog\/konditorei-trends-2021-wenn-kreativitaet-auf-fein-und-suessgebaeck-trifft\/\" aria-label=\"Konditorei-Trends 2021: Wenn Kreativit\u00e4t auf Fein- und S\u00fc\u00dfgeb\u00e4ck trifft\"><img loading=\"lazy\" decoding=\"async\" width=\"400\" height=\"200\" src=\"https:\/\/www.thermohauser.de\/blog\/wp-content\/uploads\/2021\/06\/konditorei-trends-400x200.jpg\" class=\"attachment-verlinkte_beitraege_2 size-verlinkte_beitraege_2 wp-post-image\" alt=\"Frau garniert eine Torte mit frischen Beeren.\" style=\"width:100%;height:66.67%;max-width:1254px;\" \/><\/a><\/div><a class=\"wp-block-latest-posts__post-title\" href=\"https:\/\/www.thermohauser.de\/blog\/konditorei-trends-2021-wenn-kreativitaet-auf-fein-und-suessgebaeck-trifft\/\">Konditorei-Trends 2021: Wenn Kreativit\u00e4t auf Fein- und S\u00fc\u00dfgeb\u00e4ck trifft<\/a><div class=\"wp-block-latest-posts__post-excerpt\">Die gestalterische Freiheit wird in der Konditorei-Branche immer wichtiger. Das zeigen die aktuellen Trends. Warum? Wer die guten Dinge noch besser in die Auslage bringt,&hellip; <a class=\"more-link\" href=\"https:\/\/www.thermohauser.de\/blog\/konditorei-trends-2021-wenn-kreativitaet-auf-fein-und-suessgebaeck-trifft\/\"><span class=\"screen-reader-text\">Konditorei-Trends 2021: Wenn Kreativit\u00e4t auf Fein- und S\u00fc\u00dfgeb\u00e4ck trifft<\/span> weiterlesen<\/a><\/div><\/li>\n<li><div class=\"wp-block-latest-posts__featured-image\"><a href=\"https:\/\/www.thermohauser.de\/blog\/so-bilden-ghost-kitchens-die-gastronomie-der-zukunft-teil-02\/\" aria-label=\"So bilden Ghost Kitchens die Gastronomie der Zukunft \u2013 Teil 02\"><img loading=\"lazy\" decoding=\"async\" width=\"400\" height=\"200\" src=\"https:\/\/www.thermohauser.de\/blog\/wp-content\/uploads\/2021\/06\/ghost-kitchen-erfolgskonzept-400x200.jpg\" class=\"attachment-verlinkte_beitraege_2 size-verlinkte_beitraege_2 wp-post-image\" alt=\"Ein Team von K\u00f6chen beim Workflow in einer modernen Gastro-K\u00fcche.\" style=\"width:100%;height:66.67%;max-width:1272px;\" \/><\/a><\/div><a class=\"wp-block-latest-posts__post-title\" href=\"https:\/\/www.thermohauser.de\/blog\/so-bilden-ghost-kitchens-die-gastronomie-der-zukunft-teil-02\/\">So bilden Ghost Kitchens die Gastronomie der Zukunft \u2013 Teil 02<\/a><div class=\"wp-block-latest-posts__post-excerpt\">Mobil sein wird immer weniger als Vergn\u00fcgen empfunden, sondern eher als Zeitverlust, den man vermeiden m\u00f6chte. Irgendwo anzurufen oder online zu bestellen, ist l\u00e4ngst eine&hellip; <a class=\"more-link\" href=\"https:\/\/www.thermohauser.de\/blog\/so-bilden-ghost-kitchens-die-gastronomie-der-zukunft-teil-02\/\"><span class=\"screen-reader-text\">So bilden Ghost Kitchens die Gastronomie der Zukunft \u2013 Teil 02<\/span> weiterlesen<\/a><\/div><\/li>\n<li><div class=\"wp-block-latest-posts__featured-image\"><a href=\"https:\/\/www.thermohauser.de\/blog\/mega-trend-ghost-kitchen-teil-01\/\" aria-label=\"Mega-Trend: Ghost Kitchen \u2013 Teil 01\"><img loading=\"lazy\" decoding=\"async\" width=\"400\" height=\"200\" src=\"https:\/\/www.thermohauser.de\/blog\/wp-content\/uploads\/2021\/06\/ghost-kitchen-400x200.jpg\" class=\"attachment-verlinkte_beitraege_2 size-verlinkte_beitraege_2 wp-post-image\" alt=\"Zwei K\u00f6che stehen in einer Gastronomie-K\u00fcche und bereiten Mahlzeiten zu.\" style=\"width:100%;height:66.64%;max-width:1262px;\" \/><\/a><\/div><a class=\"wp-block-latest-posts__post-title\" href=\"https:\/\/www.thermohauser.de\/blog\/mega-trend-ghost-kitchen-teil-01\/\">Mega-Trend: Ghost Kitchen \u2013 Teil 01<\/a><div class=\"wp-block-latest-posts__post-excerpt\">Buzzword-Alarm! Natu\u0308rlich ist das Schlagwort Ghost Kitchen extrem plakativ. Und dabei fast so einpr\u00e4gsam, dass die Vermutung naheliegt, es w\u00fcrde sich um Trend-Vermarktung handeln. Aber&hellip; <a class=\"more-link\" href=\"https:\/\/www.thermohauser.de\/blog\/mega-trend-ghost-kitchen-teil-01\/\"><span class=\"screen-reader-text\">Mega-Trend: Ghost Kitchen \u2013 Teil 01<\/span> weiterlesen<\/a><\/div><\/li>\n<li><div class=\"wp-block-latest-posts__featured-image\"><a href=\"https:\/\/www.thermohauser.de\/blog\/aktuelle-studie-zur-ernaehrung-im-home-office\/\" aria-label=\"thermohauser-Studie: So denken Deutsche \u00fcber die Ern\u00e4hrung im Home-Office\"><img loading=\"lazy\" decoding=\"async\" width=\"400\" height=\"200\" src=\"https:\/\/www.thermohauser.de\/blog\/wp-content\/uploads\/2021\/06\/studie-ernaehrung-homeoffice-400x200.jpg\" class=\"attachment-verlinkte_beitraege_2 size-verlinkte_beitraege_2 wp-post-image\" alt=\"Junge Frau sitzt l\u00e4chelnd vor ihrem Computer und isst zu Mittag.\" style=\"width:100%;height:66.69%;max-width:1261px;\" \/><\/a><\/div><a class=\"wp-block-latest-posts__post-title\" href=\"https:\/\/www.thermohauser.de\/blog\/aktuelle-studie-zur-ernaehrung-im-home-office\/\">thermohauser-Studie: So denken Deutsche \u00fcber die Ern\u00e4hrung im Home-Office<\/a><div class=\"wp-block-latest-posts__post-excerpt\">Studie zur Ern\u00e4hrung im Home-Office Erstmals gibt eine Studie fundierte Einblicke in die Ern\u00e4hrung an den Arbeitspl\u00e4tzen zu Hause. thermohauser hat sie in Auftrag gegeben&hellip; <a class=\"more-link\" href=\"https:\/\/www.thermohauser.de\/blog\/aktuelle-studie-zur-ernaehrung-im-home-office\/\"><span class=\"screen-reader-text\">thermohauser-Studie: So denken Deutsche \u00fcber die Ern\u00e4hrung im Home-Office<\/span> weiterlesen<\/a><\/div><\/li>\n<\/ul>","protected":false},"excerpt":{"rendered":"","protected":false},"author":1,"featured_media":0,"parent":0,"menu_order":0,"comment_status":"closed","ping_status":"closed","template":"","meta":{"_acf_changed":false,"_eb_attr":"","footnotes":""},"class_list":["post-14","page","type-page","status-publish","hentry","entry"],"acf":[],"yoast_head":"<!-- This site is optimized with the Yoast SEO plugin v27.4 - https:\/\/yoast.com\/product\/yoast-seo-wordpress\/ -->\n<title>Gastronomie Blog | thermohauser<\/title>\n<meta name=\"description\" content=\"Entdecken Sie hier spannende Beitr\u00e4ge &amp; Berichte \u00fcber aktuelle Trends in der Gastronomie &amp; spannende neue Produkte!\" \/>\n<meta name=\"robots\" content=\"index, follow, max-snippet:-1, max-image-preview:large, max-video-preview:-1\" \/>\n<link rel=\"canonical\" href=\"https:\/\/www.thermohauser.de\/blog\/\" \/>\n<meta property=\"og:locale\" content=\"de_DE\" \/>\n<meta property=\"og:type\" content=\"article\" \/>\n<meta property=\"og:title\" content=\"Gastronomie Blog | thermohauser\" \/>\n<meta property=\"og:description\" content=\"Entdecken Sie hier spannende Beitr\u00e4ge &amp; Berichte \u00fcber aktuelle Trends in der Gastronomie &amp; spannende neue Produkte!\" \/>\n<meta property=\"og:url\" content=\"https:\/\/www.thermohauser.de\/blog\/\" \/>\n<meta property=\"og:site_name\" content=\"Thermohauser Blog\" \/>\n<meta property=\"article:modified_time\" content=\"2022-05-10T19:53:01+00:00\" \/>\n<meta name=\"twitter:card\" content=\"summary_large_image\" \/>\n<script type=\"application\/ld+json\" class=\"yoast-schema-graph\">{\"@context\":\"https:\\\/\\\/schema.org\",\"@graph\":[{\"@type\":\"WebPage\",\"@id\":\"https:\\\/\\\/www.thermohauser.de\\\/blog\\\/\",\"url\":\"https:\\\/\\\/www.thermohauser.de\\\/blog\\\/\",\"name\":\"Gastronomie Blog | thermohauser\",\"isPartOf\":{\"@id\":\"https:\\\/\\\/www.thermohauser.de\\\/blog\\\/#website\"},\"datePublished\":\"2021-05-10T20:12:39+00:00\",\"dateModified\":\"2022-05-10T19:53:01+00:00\",\"description\":\"Entdecken Sie hier spannende Beitr\u00e4ge & Berichte \u00fcber aktuelle Trends in der Gastronomie & spannende neue Produkte!\",\"breadcrumb\":{\"@id\":\"https:\\\/\\\/www.thermohauser.de\\\/blog\\\/#breadcrumb\"},\"inLanguage\":\"de\",\"potentialAction\":[{\"@type\":\"ReadAction\",\"target\":[\"https:\\\/\\\/www.thermohauser.de\\\/blog\\\/\"]}]},{\"@type\":\"BreadcrumbList\",\"@id\":\"https:\\\/\\\/www.thermohauser.de\\\/blog\\\/#breadcrumb\",\"itemListElement\":[{\"@type\":\"ListItem\",\"position\":1,\"name\":\"Startseite\",\"item\":\"https:\\\/\\\/www.thermohauser.de\\\/blog\\\/\"},{\"@type\":\"ListItem\",\"position\":2,\"name\":\"Startseite\"}]},{\"@type\":\"WebSite\",\"@id\":\"https:\\\/\\\/www.thermohauser.de\\\/blog\\\/#website\",\"url\":\"https:\\\/\\\/www.thermohauser.de\\\/blog\\\/\",\"name\":\"Thermohauser Blog\",\"description\":\"\",\"publisher\":{\"@id\":\"https:\\\/\\\/www.thermohauser.de\\\/blog\\\/#organization\"},\"potentialAction\":[{\"@type\":\"SearchAction\",\"target\":{\"@type\":\"EntryPoint\",\"urlTemplate\":\"https:\\\/\\\/www.thermohauser.de\\\/blog\\\/?s={search_term_string}\"},\"query-input\":{\"@type\":\"PropertyValueSpecification\",\"valueRequired\":true,\"valueName\":\"search_term_string\"}}],\"inLanguage\":\"de\"},{\"@type\":\"Organization\",\"@id\":\"https:\\\/\\\/www.thermohauser.de\\\/blog\\\/#organization\",\"name\":\"thermohauser GmbH\",\"url\":\"https:\\\/\\\/www.thermohauser.de\\\/blog\\\/\",\"logo\":{\"@type\":\"ImageObject\",\"inLanguage\":\"de\",\"@id\":\"https:\\\/\\\/www.thermohauser.de\\\/blog\\\/#\\\/schema\\\/logo\\\/image\\\/\",\"url\":\"https:\\\/\\\/www.thermohauser.de\\\/ratgeber\\\/wp-content\\\/uploads\\\/2021\\\/05\\\/logo-tablet.png\",\"contentUrl\":\"https:\\\/\\\/www.thermohauser.de\\\/ratgeber\\\/wp-content\\\/uploads\\\/2021\\\/05\\\/logo-tablet.png\",\"width\":175,\"height\":80,\"caption\":\"thermohauser GmbH\"},\"image\":{\"@id\":\"https:\\\/\\\/www.thermohauser.de\\\/blog\\\/#\\\/schema\\\/logo\\\/image\\\/\"}}]}<\/script>\n<!-- \/ Yoast SEO plugin. -->","yoast_head_json":{"title":"Gastronomie Blog | thermohauser","description":"Entdecken Sie hier spannende Beitr\u00e4ge & Berichte \u00fcber aktuelle Trends in der Gastronomie & spannende neue Produkte!","robots":{"index":"index","follow":"follow","max-snippet":"max-snippet:-1","max-image-preview":"max-image-preview:large","max-video-preview":"max-video-preview:-1"},"canonical":"https:\/\/www.thermohauser.de\/blog\/","og_locale":"de_DE","og_type":"article","og_title":"Gastronomie Blog | thermohauser","og_description":"Entdecken Sie hier spannende Beitr\u00e4ge & Berichte \u00fcber aktuelle Trends in der Gastronomie & spannende neue Produkte!","og_url":"https:\/\/www.thermohauser.de\/blog\/","og_site_name":"Thermohauser Blog","article_modified_time":"2022-05-10T19:53:01+00:00","twitter_card":"summary_large_image","schema":{"@context":"https:\/\/schema.org","@graph":[{"@type":"WebPage","@id":"https:\/\/www.thermohauser.de\/blog\/","url":"https:\/\/www.thermohauser.de\/blog\/","name":"Gastronomie Blog | thermohauser","isPartOf":{"@id":"https:\/\/www.thermohauser.de\/blog\/#website"},"datePublished":"2021-05-10T20:12:39+00:00","dateModified":"2022-05-10T19:53:01+00:00","description":"Entdecken Sie hier spannende Beitr\u00e4ge & Berichte \u00fcber aktuelle Trends in der Gastronomie & spannende neue Produkte!","breadcrumb":{"@id":"https:\/\/www.thermohauser.de\/blog\/#breadcrumb"},"inLanguage":"de","potentialAction":[{"@type":"ReadAction","target":["https:\/\/www.thermohauser.de\/blog\/"]}]},{"@type":"BreadcrumbList","@id":"https:\/\/www.thermohauser.de\/blog\/#breadcrumb","itemListElement":[{"@type":"ListItem","position":1,"name":"Startseite","item":"https:\/\/www.thermohauser.de\/blog\/"},{"@type":"ListItem","position":2,"name":"Startseite"}]},{"@type":"WebSite","@id":"https:\/\/www.thermohauser.de\/blog\/#website","url":"https:\/\/www.thermohauser.de\/blog\/","name":"Thermohauser Blog","description":"","publisher":{"@id":"https:\/\/www.thermohauser.de\/blog\/#organization"},"potentialAction":[{"@type":"SearchAction","target":{"@type":"EntryPoint","urlTemplate":"https:\/\/www.thermohauser.de\/blog\/?s={search_term_string}"},"query-input":{"@type":"PropertyValueSpecification","valueRequired":true,"valueName":"search_term_string"}}],"inLanguage":"de"},{"@type":"Organization","@id":"https:\/\/www.thermohauser.de\/blog\/#organization","name":"thermohauser GmbH","url":"https:\/\/www.thermohauser.de\/blog\/","logo":{"@type":"ImageObject","inLanguage":"de","@id":"https:\/\/www.thermohauser.de\/blog\/#\/schema\/logo\/image\/","url":"https:\/\/www.thermohauser.de\/ratgeber\/wp-content\/uploads\/2021\/05\/logo-tablet.png","contentUrl":"https:\/\/www.thermohauser.de\/ratgeber\/wp-content\/uploads\/2021\/05\/logo-tablet.png","width":175,"height":80,"caption":"thermohauser GmbH"},"image":{"@id":"https:\/\/www.thermohauser.de\/blog\/#\/schema\/logo\/image\/"}}]}},"_links":{"self":[{"href":"https:\/\/www.thermohauser.de\/blog\/wp-json\/wp\/v2\/pages\/14","targetHints":{"allow":["GET"]}}],"collection":[{"href":"https:\/\/www.thermohauser.de\/blog\/wp-json\/wp\/v2\/pages"}],"about":[{"href":"https:\/\/www.thermohauser.de\/blog\/wp-json\/wp\/v2\/types\/page"}],"author":[{"embeddable":true,"href":"https:\/\/www.thermohauser.de\/blog\/wp-json\/wp\/v2\/users\/1"}],"replies":[{"embeddable":true,"href":"https:\/\/www.thermohauser.de\/blog\/wp-json\/wp\/v2\/comments?post=14"}],"version-history":[{"count":29,"href":"https:\/\/www.thermohauser.de\/blog\/wp-json\/wp\/v2\/pages\/14\/revisions"}],"predecessor-version":[{"id":207,"href":"https:\/\/www.thermohauser.de\/blog\/wp-json\/wp\/v2\/pages\/14\/revisions\/207"}],"wp:attachment":[{"href":"https:\/\/www.thermohauser.de\/blog\/wp-json\/wp\/v2\/media?parent=14"}],"curies":[{"name":"wp","href":"https:\/\/api.w.org\/{rel}","templated":true}]}}